{"id":899,"date":"2022-05-16T18:56:08","date_gmt":"2022-05-16T18:56:08","guid":{"rendered":"https:\/\/jardimdospassarinhos.com.br\/?page_id=899"},"modified":"2022-06-02T22:54:26","modified_gmt":"2022-06-02T22:54:26","slug":"casa-da-liz","status":"publish","type":"page","link":"https:\/\/jardimdospassarinhos.com.br\/?page_id=899","title":{"rendered":"Casa da Liz"},"content":{"rendered":"\t<section class=\"section\" id=\"section_1301057252\">\n\t\t<div class=\"bg section-bg fill bg-fill  bg-loaded\" >\n\n\t\t\t\n\t\t\t\n\t\t\t\n\n\t\t<\/div>\n\n\t\t<div class=\"section-content relative\">\n\t\t\t\n<div class=\"row row-full-width\"  id=\"row-1563132412\">\n\n\t<div id=\"col-1029180759\" class=\"col medium-10 small-7 large-10\"  >\n\t\t\t\t<div class=\"col-inner\"  >\n\t\t\t\n\t\t\t\n\t<div id=\"gap-1132604891\" class=\"gap-element clearfix\" style=\"display:block; height:auto;\">\n\t\t\n<style>\n#gap-1132604891 {\n  padding-top: 32px;\n}\n<\/style>\n\t<\/div>\n\t\n\t\t<\/div>\n\t\t\t\t\n<style>\n#col-1029180759 > .col-inner {\n  margin: 0px 0px -45px 0px;\n}\n<\/style>\n\t<\/div>\n\n\t\n\n\t<div id=\"col-1781000337\" class=\"col medium-2 small-5 large-2\"  >\n\t\t\t\t<div class=\"col-inner\"  >\n\t\t\t\n\t\t\t\n\t<div class=\"img has-hover x md-x lg-x y md-y lg-y\" id=\"image_1767506863\">\n\t\t\t\t\t\t\t\t<div class=\"img-inner dark\" >\n\t\t\t<img width=\"390\" height=\"390\" src=\"https:\/\/jardimdospassarinhos.com.br\/wp-content\/uploads\/2021\/08\/flora-3.png\" class=\"attachment-large size-large\" alt=\"\" decoding=\"async\" loading=\"lazy\" srcset=\"https:\/\/jardimdospassarinhos.com.br\/wp-content\/uploads\/2021\/08\/flora-3.png 390w, https:\/\/jardimdospassarinhos.com.br\/wp-content\/uploads\/2021\/08\/flora-3-300x300.png 300w, https:\/\/jardimdospassarinhos.com.br\/wp-content\/uploads\/2021\/08\/flora-3-150x150.png 150w, https:\/\/jardimdospassarinhos.com.br\/wp-content\/uploads\/2021\/08\/flora-3-100x100.png 100w\" sizes=\"(max-width: 390px) 100vw, 390px\" \/>\t\t\t\t\t\t\n\t\t\t\t\t<\/div>\n\t\t\t\t\t\t\t\t\n<style>\n#image_1767506863 {\n  width: 100%;\n}\n@media (min-width:550px) {\n  #image_1767506863 {\n    width: 100%;\n  }\n}\n<\/style>\n\t<\/div>\n\t\n\t\t<\/div>\n\t\t\t\t\n<style>\n#col-1781000337 > .col-inner {\n  margin: -16px 0px -222px 28px;\n}\n<\/style>\n\t<\/div>\n\n\t\n<\/div>\n<div class=\"row\"  id=\"row-1473763581\">\n\n\t<div id=\"col-792968084\" class=\"col small-12 large-12\"  >\n\t\t\t\t<div class=\"col-inner\"  >\n\t\t\t\n\t\t\t\n<div class=\"container section-title-container\" ><h3 class=\"section-title section-title-normal\"><b><\/b><span class=\"section-title-main\" style=\"color:rgb(246, 170, 76);\">CASA DA LIZ<\/span><b><\/b><\/h3><\/div>\n<p>\u201cO Jardim dos Passarinhos nasceu de um impulso chamado Casa da Liz. Foi em 2016 que resolvemos receber crian\u00e7as para atividades com a frequ\u00eancia e ritmo de um Jardim Waldorf, mas em nossa pr\u00f3pria casa. Eu j\u00e1 vinha trabalhando no of\u00edcio de ser professora a 7 anos e com minha filha pequena em casa, resolvi acolh\u00ea-la e com essa decis\u00e3o outras crian\u00e7as chegaram.<br \/>\nA vontade de criar um espa\u00e7o escola sempre foi com inten\u00e7\u00e3o de aprender mais do que ensinar. Aprender a olhar, ouvir, perceber as nuances, os movimentos e s\u00f3 ent\u00e3o, buscar facilitar o processo de cada crian\u00e7a aqui na Terra. Sabemos que a verdadeira educa\u00e7\u00e3o \u00e9 a autoeduca\u00e7\u00e3o, ent\u00e3o todo esse processo sempre caminhou junto, olhar para fora e ver o que repercute desde dentro.Assim surgiu o germe do que seria o Jardim dos Passarinhos, um espa\u00e7o para questionar, contestar, analisar, respeitar e acima de tudo amar.\u201d<\/p>\n<p>Gisele Salvetti, diretora e fundadora da Casa da Liz, atual Jardim dos Passarinhos.<\/p>\n<div class=\"row\"  id=\"row-1922199938\">\n\n\t<div id=\"col-1968996502\" class=\"col small-12 large-12\"  >\n\t\t\t\t<div class=\"col-inner text-center\"  >\n\t\t\t\n\t\t\t\n\t<div id=\"gap-222316190\" class=\"gap-element clearfix hide-for-small\" style=\"display:block; height:auto;\">\n\t\t\n<style>\n#gap-222316190 {\n  padding-top: 26px;\n}\n<\/style>\n\t<\/div>\n\t\n\t<div id=\"text-1882309721\" class=\"text titulo-custom\">\n\t\t\n<h3 class=\"section-title-main\">GALERIA<\/h3>\n\t\t\n<style>\n#text-1882309721 {\n  color: rgb(246, 170, 76);\n}\n#text-1882309721 > * {\n  color: rgb(246, 170, 76);\n}\n<\/style>\n\t<\/div>\n\t\n\t\t<\/div>\n\t\t\t\t\t<\/div>\n\n\t\n<\/div>\n\t<div id=\"gap-605656088\" class=\"gap-element clearfix\" style=\"display:block; height:auto;\">\n\t\t\n<style>\n#gap-605656088 {\n  padding-top: 24px;\n}\n@media (min-width:550px) {\n  #gap-605656088 {\n    padding-top: 47px;\n  }\n}\n<\/style>\n\t<\/div>\n\t\n<div class=\"row\"  id=\"row-1233689150\">\n\n\t<div id=\"col-2043978027\" class=\"col fundo-verde small-12 large-12\"  >\n\t\t\t\t<div class=\"col-inner\" style=\"background-color:rgb(176, 252, 210);\" >\n\t\t\t\n\t\t\t\n<div class=\"row\"  id=\"row-1478214603\">\n\n\t<div id=\"col-1337050159\" class=\"col medium-2 small-12 large-2\"  >\n\t\t\t\t<div class=\"col-inner\"  >\n\t\t\t\n\t\t\t\n\t<div id=\"gap-472992637\" class=\"gap-element clearfix\" style=\"display:block; height:auto;\">\n\t\t\n<style>\n#gap-472992637 {\n  padding-top: 30px;\n}\n<\/style>\n\t<\/div>\n\t\n\t\t<\/div>\n\t\t\t\t\t<\/div>\n\n\t\n\n\t<div id=\"col-998889098\" class=\"col medium-8 small-12 large-8\"  >\n\t\t\t\t<div class=\"col-inner\"  >\n\t\t\t\n\t\t\t\n<div class=\"slider-wrapper relative\" id=\"slider-1886773812\" >\n    <div class=\"slider slider-nav-dots-simple slider-nav-simple slider-nav-large slider-nav-dark slider-nav-outside slider-style-normal slider-show-nav\"\n        data-flickity-options='{\n            \"cellAlign\": \"center\",\n            \"imagesLoaded\": true,\n            \"lazyLoad\": 1,\n            \"freeScroll\": false,\n            \"wrapAround\": true,\n            \"autoPlay\": 4000,\n            \"pauseAutoPlayOnHover\" : true,\n            \"prevNextButtons\": true,\n            \"contain\" : true,\n            \"adaptiveHeight\" : true,\n            \"dragThreshold\" : 10,\n            \"percentPosition\": true,\n            \"pageDots\": true,\n            \"rightToLeft\": false,\n            \"draggable\": true,\n            \"selectedAttraction\": 0.1,\n            \"parallax\" : 0,\n            \"friction\": 0.6        }'\n        >\n        \n\t<div class=\"img has-hover x md-x lg-x y md-y lg-y\" id=\"image_1024473817\">\n\t\t\t\t\t\t\t\t<div class=\"img-inner image-cover dark\" style=\"padding-top:400px;\">\n\t\t\t<img width=\"960\" height=\"720\" src=\"https:\/\/jardimdospassarinhos.com.br\/wp-content\/uploads\/2022\/05\/13557878_1453941641298106_8911459691873514931_n.jpg\" class=\"attachment-large size-large\" alt=\"\" decoding=\"async\" loading=\"lazy\" srcset=\"https:\/\/jardimdospassarinhos.com.br\/wp-content\/uploads\/2022\/05\/13557878_1453941641298106_8911459691873514931_n.jpg 960w, https:\/\/jardimdospassarinhos.com.br\/wp-content\/uploads\/2022\/05\/13557878_1453941641298106_8911459691873514931_n-300x225.jpg 300w, https:\/\/jardimdospassarinhos.com.br\/wp-content\/uploads\/2022\/05\/13557878_1453941641298106_8911459691873514931_n-768x576.jpg 768w\" sizes=\"(max-width: 960px) 100vw, 960px\" \/>\t\t\t\t\t\t\n\t\t\t\t\t<\/div>\n\t\t\t\t\t\t\t\t\n<style>\n#image_1024473817 {\n  width: 100%;\n}\n<\/style>\n\t<\/div>\n\t\n\t<div class=\"img has-hover x md-x lg-x y md-y lg-y\" id=\"image_237884823\">\n\t\t\t\t\t\t\t\t<div class=\"img-inner image-cover dark\" style=\"padding-top:400px;\">\n\t\t\t<img width=\"960\" height=\"919\" src=\"https:\/\/jardimdospassarinhos.com.br\/wp-content\/uploads\/2022\/05\/13178066_1402398943119043_6458562434586940358_n.jpg\" class=\"attachment-large size-large\" alt=\"\" decoding=\"async\" loading=\"lazy\" srcset=\"https:\/\/jardimdospassarinhos.com.br\/wp-content\/uploads\/2022\/05\/13178066_1402398943119043_6458562434586940358_n.jpg 960w, https:\/\/jardimdospassarinhos.com.br\/wp-content\/uploads\/2022\/05\/13178066_1402398943119043_6458562434586940358_n-300x287.jpg 300w, https:\/\/jardimdospassarinhos.com.br\/wp-content\/uploads\/2022\/05\/13178066_1402398943119043_6458562434586940358_n-768x735.jpg 768w\" sizes=\"(max-width: 960px) 100vw, 960px\" \/>\t\t\t\t\t\t\n\t\t\t\t\t<\/div>\n\t\t\t\t\t\t\t\t\n<style>\n#image_237884823 {\n  width: 100%;\n}\n<\/style>\n\t<\/div>\n\t\n\t<div class=\"img has-hover x md-x lg-x y md-y lg-y\" id=\"image_1306485025\">\n\t\t\t\t\t\t\t\t<div class=\"img-inner image-cover dark\" style=\"padding-top:400px;\">\n\t\t\t<img width=\"960\" height=\"640\" src=\"https:\/\/jardimdospassarinhos.com.br\/wp-content\/uploads\/2022\/05\/13697153_1469336429758627_99389823084043828_n-e1652729026646.jpg\" class=\"attachment-large size-large\" alt=\"\" decoding=\"async\" loading=\"lazy\" srcset=\"https:\/\/jardimdospassarinhos.com.br\/wp-content\/uploads\/2022\/05\/13697153_1469336429758627_99389823084043828_n-e1652729026646.jpg 960w, https:\/\/jardimdospassarinhos.com.br\/wp-content\/uploads\/2022\/05\/13697153_1469336429758627_99389823084043828_n-e1652729026646-300x200.jpg 300w, https:\/\/jardimdospassarinhos.com.br\/wp-content\/uploads\/2022\/05\/13697153_1469336429758627_99389823084043828_n-e1652729026646-768x512.jpg 768w\" sizes=\"(max-width: 960px) 100vw, 960px\" \/>\t\t\t\t\t\t\n\t\t\t\t\t<\/div>\n\t\t\t\t\t\t\t\t\n<style>\n#image_1306485025 {\n  width: 100%;\n}\n<\/style>\n\t<\/div>\n\t\n\t<div class=\"img has-hover x md-x lg-x y md-y lg-y\" id=\"image_1526443340\">\n\t\t\t\t\t\t\t\t<div class=\"img-inner image-cover dark\" style=\"padding-top:400px;\">\n\t\t\t<img width=\"720\" height=\"960\" src=\"https:\/\/jardimdospassarinhos.com.br\/wp-content\/uploads\/2022\/05\/13782266_1470180069674263_7673755901562573724_n.jpg\" class=\"attachment-large size-large\" alt=\"\" decoding=\"async\" loading=\"lazy\" srcset=\"https:\/\/jardimdospassarinhos.com.br\/wp-content\/uploads\/2022\/05\/13782266_1470180069674263_7673755901562573724_n.jpg 720w, https:\/\/jardimdospassarinhos.com.br\/wp-content\/uploads\/2022\/05\/13782266_1470180069674263_7673755901562573724_n-225x300.jpg 225w\" sizes=\"(max-width: 720px) 100vw, 720px\" \/>\t\t\t\t\t\t\n\t\t\t\t\t<\/div>\n\t\t\t\t\t\t\t\t\n<style>\n#image_1526443340 {\n  width: 94%;\n}\n@media (min-width:550px) {\n  #image_1526443340 {\n    width: 100%;\n  }\n}\n<\/style>\n\t<\/div>\n\t\n\t<div class=\"img has-hover x md-x lg-x y md-y lg-y\" id=\"image_1129207259\">\n\t\t\t\t\t\t\t\t<div class=\"img-inner image-cover dark\" style=\"padding-top:400px;\">\n\t\t\t<img width=\"720\" height=\"960\" src=\"https:\/\/jardimdospassarinhos.com.br\/wp-content\/uploads\/2022\/05\/13731537_1470162669676003_5561887368579000235_n.jpg\" class=\"attachment-large size-large\" alt=\"\" decoding=\"async\" loading=\"lazy\" srcset=\"https:\/\/jardimdospassarinhos.com.br\/wp-content\/uploads\/2022\/05\/13731537_1470162669676003_5561887368579000235_n.jpg 720w, https:\/\/jardimdospassarinhos.com.br\/wp-content\/uploads\/2022\/05\/13731537_1470162669676003_5561887368579000235_n-225x300.jpg 225w\" sizes=\"(max-width: 720px) 100vw, 720px\" \/>\t\t\t\t\t\t\n\t\t\t\t\t<\/div>\n\t\t\t\t\t\t\t\t\n<style>\n#image_1129207259 {\n  width: 100%;\n}\n<\/style>\n\t<\/div>\n\t\n\t<div class=\"img has-hover x md-x lg-x y md-y lg-y\" id=\"image_960154739\">\n\t\t\t\t\t\t\t\t<div class=\"img-inner image-cover dark\" style=\"padding-top:400px;\">\n\t\t\t<img width=\"1020\" height=\"680\" src=\"https:\/\/jardimdospassarinhos.com.br\/wp-content\/uploads\/2022\/05\/WhatsApp-Image-2021-10-26-at-23.11.59-1024x683.jpeg\" class=\"attachment-large size-large\" alt=\"\" decoding=\"async\" loading=\"lazy\" srcset=\"https:\/\/jardimdospassarinhos.com.br\/wp-content\/uploads\/2022\/05\/WhatsApp-Image-2021-10-26-at-23.11.59-1024x683.jpeg 1024w, https:\/\/jardimdospassarinhos.com.br\/wp-content\/uploads\/2022\/05\/WhatsApp-Image-2021-10-26-at-23.11.59-300x200.jpeg 300w, https:\/\/jardimdospassarinhos.com.br\/wp-content\/uploads\/2022\/05\/WhatsApp-Image-2021-10-26-at-23.11.59-768x512.jpeg 768w, https:\/\/jardimdospassarinhos.com.br\/wp-content\/uploads\/2022\/05\/WhatsApp-Image-2021-10-26-at-23.11.59.jpeg 1200w\" sizes=\"(max-width: 1020px) 100vw, 1020px\" \/>\t\t\t\t\t\t\n\t\t\t\t\t<\/div>\n\t\t\t\t\t\t\t\t\n<style>\n#image_960154739 {\n  width: 100%;\n}\n<\/style>\n\t<\/div>\n\t\n     <\/div>\n\n     <div class=\"loading-spin dark large centered\"><\/div>\n\n     \t<\/div>\n\n\n\t\t<\/div>\n\t\t\t\t\n<style>\n#col-998889098 > .col-inner {\n  padding: 0px 12px 0px 12px;\n  margin: -36px 0px -74px 0px;\n}\n<\/style>\n\t<\/div>\n\n\t\n\n\t<div id=\"col-251945817\" class=\"col medium-2 small-12 large-2\"  >\n\t\t\t\t<div class=\"col-inner\"  >\n\t\t\t\n\t\t\t\n\t<div id=\"gap-435167409\" class=\"gap-element clearfix\" style=\"display:block; height:auto;\">\n\t\t\n<style>\n#gap-435167409 {\n  padding-top: 30px;\n}\n<\/style>\n\t<\/div>\n\t\n\t\t<\/div>\n\t\t\t\t\t<\/div>\n\n\t\n<\/div>\n\t\t<\/div>\n\t\t\t\t\n<style>\n#col-2043978027 > .col-inner {\n  border-radius: 12px;\n}\n<\/style>\n\t<\/div>\n\n\t\n<\/div>\n\t\t<\/div>\n\t\t\t\t\n<style>\n#col-792968084 > .col-inner {\n  margin: -18px 0px -38px 0px;\n}\n<\/style>\n\t<\/div>\n\n\t\n<\/div>\n\t<div id=\"gap-821558546\" class=\"gap-element clearfix show-for-small\" style=\"display:block; height:auto;\">\n\t\t\n<style>\n#gap-821558546 {\n  padding-top: 30px;\n}\n<\/style>\n\t<\/div>\n\t\n<div class=\"row row-full-width\"  id=\"row-1822849746\">\n\n\t<div id=\"col-1089348325\" class=\"col medium-2 small-5 large-2\"  data-animate=\"fadeInLeft\">\n\t\t\t\t<div class=\"col-inner\"  >\n\t\t\t\n\t\t\t\n\t<div class=\"img has-hover x md-x lg-x y md-y lg-y\" id=\"image_1912687848\">\n\t\t\t\t\t\t\t\t<div class=\"img-inner dark\" >\n\t\t\t<img width=\"360\" height=\"360\" src=\"https:\/\/jardimdospassarinhos.com.br\/wp-content\/uploads\/2021\/08\/flora-1.png\" class=\"attachment-large size-large\" alt=\"\" decoding=\"async\" loading=\"lazy\" srcset=\"https:\/\/jardimdospassarinhos.com.br\/wp-content\/uploads\/2021\/08\/flora-1.png 360w, https:\/\/jardimdospassarinhos.com.br\/wp-content\/uploads\/2021\/08\/flora-1-300x300.png 300w, https:\/\/jardimdospassarinhos.com.br\/wp-content\/uploads\/2021\/08\/flora-1-150x150.png 150w, https:\/\/jardimdospassarinhos.com.br\/wp-content\/uploads\/2021\/08\/flora-1-100x100.png 100w\" sizes=\"(max-width: 360px) 100vw, 360px\" \/>\t\t\t\t\t\t\n\t\t\t\t\t<\/div>\n\t\t\t\t\t\t\t\t\n<style>\n#image_1912687848 {\n  width: 100%;\n}\n@media (min-width:550px) {\n  #image_1912687848 {\n    width: 82%;\n  }\n}\n<\/style>\n\t<\/div>\n\t\n\t\t<\/div>\n\t\t\t\t\n<style>\n#col-1089348325 > .col-inner {\n  margin: -18px 0px -231px -51px;\n}\n<\/style>\n\t<\/div>\n\n\t\n\n\t<div id=\"col-162248769\" class=\"col medium-10 small-7 large-10\"  >\n\t\t\t\t<div class=\"col-inner\"  >\n\t\t\t\n\t\t\t\n\t<div id=\"gap-875705584\" class=\"gap-element clearfix\" style=\"display:block; height:auto;\">\n\t\t\n<style>\n#gap-875705584 {\n  padding-top: 32px;\n}\n<\/style>\n\t<\/div>\n\t\n\t\t<\/div>\n\t\t\t\t\n<style>\n#col-162248769 > .col-inner {\n  margin: 0px 0px -45px 0px;\n}\n<\/style>\n\t<\/div>\n\n\t\n<\/div>\n<div class=\"row row-full-width\"  id=\"row-1998292102\">\n\n\t<div id=\"col-1972701365\" class=\"col medium-10 small-7 large-10\"  >\n\t\t\t\t<div class=\"col-inner\"  >\n\t\t\t\n\t\t\t\n\t<div id=\"gap-1390814910\" class=\"gap-element clearfix\" style=\"display:block; height:auto;\">\n\t\t\n<style>\n#gap-1390814910 {\n  padding-top: 32px;\n}\n<\/style>\n\t<\/div>\n\t\n\t\t<\/div>\n\t\t\t\t\n<style>\n#col-1972701365 > .col-inner {\n  margin: 0px 0px -45px 0px;\n}\n<\/style>\n\t<\/div>\n\n\t\n\n\t<div id=\"col-1063239726\" class=\"col medium-2 small-5 large-2\"  data-animate=\"fadeInRight\">\n\t\t\t\t<div class=\"col-inner\"  >\n\t\t\t\n\t\t\t\n\t<div class=\"img has-hover x md-x lg-x y md-y lg-y\" id=\"image_1672044304\">\n\t\t\t\t\t\t\t\t<div class=\"img-inner dark\" >\n\t\t\t<img width=\"390\" height=\"390\" src=\"https:\/\/jardimdospassarinhos.com.br\/wp-content\/uploads\/2021\/08\/flora-3.png\" class=\"attachment-large size-large\" alt=\"\" decoding=\"async\" loading=\"lazy\" srcset=\"https:\/\/jardimdospassarinhos.com.br\/wp-content\/uploads\/2021\/08\/flora-3.png 390w, https:\/\/jardimdospassarinhos.com.br\/wp-content\/uploads\/2021\/08\/flora-3-300x300.png 300w, https:\/\/jardimdospassarinhos.com.br\/wp-content\/uploads\/2021\/08\/flora-3-150x150.png 150w, https:\/\/jardimdospassarinhos.com.br\/wp-content\/uploads\/2021\/08\/flora-3-100x100.png 100w\" sizes=\"(max-width: 390px) 100vw, 390px\" \/>\t\t\t\t\t\t\n\t\t\t\t\t<\/div>\n\t\t\t\t\t\t\t\t\n<style>\n#image_1672044304 {\n  width: 100%;\n}\n@media (min-width:550px) {\n  #image_1672044304 {\n    width: 100%;\n  }\n}\n<\/style>\n\t<\/div>\n\t\n\t\t<\/div>\n\t\t\t\t\n<style>\n#col-1063239726 > .col-inner {\n  margin: -48px 0px -202px 28px;\n}\n@media (min-width:550px) {\n  #col-1063239726 > .col-inner {\n    margin: -88px 0px -222px 28px;\n  }\n}\n<\/style>\n\t<\/div>\n\n\t\n<\/div>\n\t\t<\/div>\n\n\t\t\n<style>\n#section_1301057252 {\n  padding-top: 7px;\n  padding-bottom: 7px;\n  background-color: rgba(255, 255, 255, 0.279);\n}\n<\/style>\n\t<\/section>\n\t\n\t<div id=\"gap-1727070104\" class=\"gap-element clearfix\" style=\"display:block; height:auto;\">\n\t\t\n<style>\n#gap-1727070104 {\n  padding-top: 81px;\n}\n<\/style>\n\t<\/div>\n\t\n","protected":false},"excerpt":{"rendered":"","protected":false},"author":3,"featured_media":0,"parent":0,"menu_order":0,"comment_status":"closed","ping_status":"closed","template":"page-blank.php","meta":[],"yoast_head":"<!-- This site is optimized with the Yoast SEO Premium plugin v16.6 (Yoast SEO v18.4.1) - https:\/\/yoast.com\/wordpress\/plugins\/seo\/ -->\n<title>Casa da Liz - Jardim dos Passarinhos<\/title>\n<meta name=\"description\" content=\"O Jardim dos Passarinhos \u00e9 um espa\u00e7o de educa\u00e7\u00e3o infantil localizado em Cotia \u2013 SP para crian\u00e7as de 2 a 6 anos de idade.\" \/>\n<meta name=\"robots\" content=\"index, follow, max-snippet:-1, max-image-preview:large, max-video-preview:-1\" \/>\n<link rel=\"canonical\" href=\"https:\/\/jardimdospassarinhos.com.br\/?page_id=899\" \/>\n<meta property=\"og:locale\" content=\"pt_BR\" \/>\n<meta property=\"og:type\" content=\"article\" \/>\n<meta property=\"og:title\" content=\"Casa da Liz - Jardim dos Passarinhos\" \/>\n<meta property=\"og:description\" content=\"O Jardim dos Passarinhos \u00e9 um espa\u00e7o de educa\u00e7\u00e3o infantil localizado em Cotia \u2013 SP para crian\u00e7as de 2 a 6 anos de idade.\" \/>\n<meta property=\"og:url\" content=\"https:\/\/jardimdospassarinhos.com.br\/?page_id=899\" \/>\n<meta property=\"og:site_name\" content=\"Jardim dos Passarinhos\" \/>\n<meta property=\"article:modified_time\" content=\"2022-06-02T22:54:26+00:00\" \/>\n<meta name=\"twitter:card\" content=\"summary_large_image\" \/>\n<meta name=\"twitter:title\" content=\"Casa da Liz - Jardim dos Passarinhos\" \/>\n<meta name=\"twitter:label1\" content=\"Est. tempo de leitura\" \/>\n\t<meta name=\"twitter:data1\" content=\"2 minutos\" \/>\n<script type=\"application\/ld+json\" class=\"yoast-schema-graph\">{\"@context\":\"https:\/\/schema.org\",\"@graph\":[{\"@type\":\"WebSite\",\"@id\":\"https:\/\/jardimdospassarinhos.com.br\/#website\",\"url\":\"https:\/\/jardimdospassarinhos.com.br\/\",\"name\":\"Jardim dos Passarinhos\",\"description\":\"Espa\u00e7o de Educa\u00e7\u00e3o Infantil\",\"potentialAction\":[{\"@type\":\"SearchAction\",\"target\":{\"@type\":\"EntryPoint\",\"urlTemplate\":\"https:\/\/jardimdospassarinhos.com.br\/?s={search_term_string}\"},\"query-input\":\"required name=search_term_string\"}],\"inLanguage\":\"pt-BR\"},{\"@type\":\"WebPage\",\"@id\":\"https:\/\/jardimdospassarinhos.com.br\/?page_id=899#webpage\",\"url\":\"https:\/\/jardimdospassarinhos.com.br\/?page_id=899\",\"name\":\"Casa da Liz - Jardim dos Passarinhos\",\"isPartOf\":{\"@id\":\"https:\/\/jardimdospassarinhos.com.br\/#website\"},\"datePublished\":\"2022-05-16T18:56:08+00:00\",\"dateModified\":\"2022-06-02T22:54:26+00:00\",\"description\":\"O Jardim dos Passarinhos \u00e9 um espa\u00e7o de educa\u00e7\u00e3o infantil localizado em Cotia \u2013 SP para crian\u00e7as de 2 a 6 anos de idade.\",\"breadcrumb\":{\"@id\":\"https:\/\/jardimdospassarinhos.com.br\/?page_id=899#breadcrumb\"},\"inLanguage\":\"pt-BR\",\"potentialAction\":[{\"@type\":\"ReadAction\",\"target\":[\"https:\/\/jardimdospassarinhos.com.br\/?page_id=899\"]}]},{\"@type\":\"BreadcrumbList\",\"@id\":\"https:\/\/jardimdospassarinhos.com.br\/?page_id=899#breadcrumb\",\"itemListElement\":[{\"@type\":\"ListItem\",\"position\":1,\"name\":\"Home\",\"item\":\"https:\/\/jardimdospassarinhos.com.br\/\"},{\"@type\":\"ListItem\",\"position\":2,\"name\":\"Casa da Liz\"}]}]}<\/script>\n<!-- \/ Yoast SEO Premium plugin. -->","yoast_head_json":{"title":"Casa da Liz - Jardim dos Passarinhos","description":"O Jardim dos Passarinhos \u00e9 um espa\u00e7o de educa\u00e7\u00e3o infantil localizado em Cotia \u2013 SP para crian\u00e7as de 2 a 6 anos de idade.","robots":{"index":"index","follow":"follow","max-snippet":"max-snippet:-1","max-image-preview":"max-image-preview:large","max-video-preview":"max-video-preview:-1"},"canonical":"https:\/\/jardimdospassarinhos.com.br\/?page_id=899","og_locale":"pt_BR","og_type":"article","og_title":"Casa da Liz - Jardim dos Passarinhos","og_description":"O Jardim dos Passarinhos \u00e9 um espa\u00e7o de educa\u00e7\u00e3o infantil localizado em Cotia \u2013 SP para crian\u00e7as de 2 a 6 anos de idade.","og_url":"https:\/\/jardimdospassarinhos.com.br\/?page_id=899","og_site_name":"Jardim dos Passarinhos","article_modified_time":"2022-06-02T22:54:26+00:00","twitter_card":"summary_large_image","twitter_title":"Casa da Liz - Jardim dos Passarinhos","twitter_misc":{"Est. tempo de leitura":"2 minutos"},"schema":{"@context":"https:\/\/schema.org","@graph":[{"@type":"WebSite","@id":"https:\/\/jardimdospassarinhos.com.br\/#website","url":"https:\/\/jardimdospassarinhos.com.br\/","name":"Jardim dos Passarinhos","description":"Espa\u00e7o de Educa\u00e7\u00e3o Infantil","potentialAction":[{"@type":"SearchAction","target":{"@type":"EntryPoint","urlTemplate":"https:\/\/jardimdospassarinhos.com.br\/?s={search_term_string}"},"query-input":"required name=search_term_string"}],"inLanguage":"pt-BR"},{"@type":"WebPage","@id":"https:\/\/jardimdospassarinhos.com.br\/?page_id=899#webpage","url":"https:\/\/jardimdospassarinhos.com.br\/?page_id=899","name":"Casa da Liz - Jardim dos Passarinhos","isPartOf":{"@id":"https:\/\/jardimdospassarinhos.com.br\/#website"},"datePublished":"2022-05-16T18:56:08+00:00","dateModified":"2022-06-02T22:54:26+00:00","description":"O Jardim dos Passarinhos \u00e9 um espa\u00e7o de educa\u00e7\u00e3o infantil localizado em Cotia \u2013 SP para crian\u00e7as de 2 a 6 anos de idade.","breadcrumb":{"@id":"https:\/\/jardimdospassarinhos.com.br\/?page_id=899#breadcrumb"},"inLanguage":"pt-BR","potentialAction":[{"@type":"ReadAction","target":["https:\/\/jardimdospassarinhos.com.br\/?page_id=899"]}]},{"@type":"BreadcrumbList","@id":"https:\/\/jardimdospassarinhos.com.br\/?page_id=899#breadcrumb","itemListElement":[{"@type":"ListItem","position":1,"name":"Home","item":"https:\/\/jardimdospassarinhos.com.br\/"},{"@type":"ListItem","position":2,"name":"Casa da Liz"}]}]}},"_links":{"self":[{"href":"https:\/\/jardimdospassarinhos.com.br\/index.php?rest_route=\/wp\/v2\/pages\/899"}],"collection":[{"href":"https:\/\/jardimdospassarinhos.com.br\/index.php?rest_route=\/wp\/v2\/pages"}],"about":[{"href":"https:\/\/jardimdospassarinhos.com.br\/index.php?rest_route=\/wp\/v2\/types\/page"}],"author":[{"embeddable":true,"href":"https:\/\/jardimdospassarinhos.com.br\/index.php?rest_route=\/wp\/v2\/users\/3"}],"replies":[{"embeddable":true,"href":"https:\/\/jardimdospassarinhos.com.br\/index.php?rest_route=%2Fwp%2Fv2%2Fcomments&post=899"}],"version-history":[{"count":14,"href":"https:\/\/jardimdospassarinhos.com.br\/index.php?rest_route=\/wp\/v2\/pages\/899\/revisions"}],"predecessor-version":[{"id":935,"href":"https:\/\/jardimdospassarinhos.com.br\/index.php?rest_route=\/wp\/v2\/pages\/899\/revisions\/935"}],"wp:attachment":[{"href":"https:\/\/jardimdospassarinhos.com.br\/index.php?rest_route=%2Fwp%2Fv2%2Fmedia&parent=899"}],"curies":[{"name":"wp","href":"https:\/\/api.w.org\/{rel}","templated":true}]}}